{"id":65,"date":"2022-08-23T08:46:06","date_gmt":"2022-08-23T11:46:06","guid":{"rendered":"https:\/\/jefisa.unsa.edu.ar\/?page_id=65"},"modified":"2024-09-19T17:38:52","modified_gmt":"2024-09-19T20:38:52","slug":"cronograma","status":"publish","type":"page","link":"https:\/\/jefisa.unsa.edu.ar\/?page_id=65","title":{"rendered":"CRONOGRAMA"},"content":{"rendered":"\n<h3 class=\"wp-block-heading has-text-color has-link-color has-large-font-size wp-elements-c903bb9ae959878ddc65de12f1b302a0\" style=\"color:#074a76\"><strong>Cronograma de Actividades<\/strong><\/h3>\n\n\n\n<p class=\"has-medium-font-size\">Te invitamos a explorar el cronograma detallado de la 3\u00b0 Jornada de Educaci\u00f3n en F\u00edsica. Durante los d\u00edas 19 y 20 de septiembre de 2024, participaremos en una serie de actividades que incluyen conferencias, talleres, y presentaciones de proyectos educativos innovadores.<\/p>\n\n\n\n<p class=\"has-medium-font-size\">Cada m\u00f3dulo ha sido cuidadosamente dise\u00f1ado para ofrecerte herramientas pr\u00e1cticas y conocimientos actualizados que podr\u00e1s aplicar en tu labor docente. Consulta los horarios y aseg\u00farate de inscribirte en las actividades de tu inter\u00e9s.<\/p>\n\n\n\n<p class=\"has-medium-font-size\"><strong>Importante:<\/strong> Recuerda que las inscripciones para los talleres son limitadas, por lo que te recomendamos reservar tu lugar con anticipaci\u00f3n.<\/p>\n\n\n\n<div class=\"wp-block-buttons is-content-justification-center is-layout-flex wp-container-core-buttons-is-layout-a89b3969 wp-block-buttons-is-layout-flex\">\n<div class=\"wp-block-button has-custom-width wp-block-button__width-75 has-custom-font-size has-medium-font-size\"><a class=\"wp-block-button__link has-background wp-element-button\" href=\"http:\/\/jefisa.unsa.edu.ar\/wp-content\/uploads\/2024\/08\/cronograma.pdf\" style=\"background-color:#3b955f\">DESCARGAR CRONOGRAMA<\/a><\/div>\n\n\n\n<div class=\"wp-block-button has-custom-width wp-block-button__width-75 has-custom-font-size has-medium-font-size\"><a class=\"wp-block-button__link has-background wp-element-button\" href=\"https:\/\/www.google.com\/maps\/d\/u\/0\/edit?mid=1Dr-HeZb60ejzlGgUkRdm15I1osgs_vk&amp;usp=sharing\" style=\"background-color:#3b955f\">ACCEDER AL MAPA DE UBICACI\u00d3N DE ACTIVIDADES<\/a><\/div>\n<\/div>\n\n\n\n<div class=\"wp-block-columns is-layout-flex wp-container-core-columns-is-layout-28f84493 wp-block-columns-is-layout-flex\">\n<div class=\"wp-block-column is-layout-flow wp-block-column-is-layout-flow\">\n<figure class=\"wp-block-image size-full\"><img loading=\"lazy\" decoding=\"async\" width=\"810\" height=\"810\" src=\"https:\/\/jefisa.unsa.edu.ar\/wp-content\/uploads\/2024\/08\/podes-participar-en-los-talleres.png\" alt=\"\" class=\"wp-image-436\" srcset=\"https:\/\/jefisa.unsa.edu.ar\/wp-content\/uploads\/2024\/08\/podes-participar-en-los-talleres.png 810w, https:\/\/jefisa.unsa.edu.ar\/wp-content\/uploads\/2024\/08\/podes-participar-en-los-talleres-300x300.png 300w, https:\/\/jefisa.unsa.edu.ar\/wp-content\/uploads\/2024\/08\/podes-participar-en-los-talleres-150x150.png 150w, https:\/\/jefisa.unsa.edu.ar\/wp-content\/uploads\/2024\/08\/podes-participar-en-los-talleres-768x768.png 768w\" sizes=\"auto, (max-width: 810px) 100vw, 810px\" \/><\/figure>\n<\/div>\n\n\n\n<div class=\"wp-block-column is-layout-flow wp-block-column-is-layout-flow\">\n<figure class=\"wp-block-image size-full\"><img loading=\"lazy\" decoding=\"async\" width=\"810\" height=\"810\" src=\"https:\/\/jefisa.unsa.edu.ar\/wp-content\/uploads\/2024\/09\/podes-participar-en-los-talleres.png\" alt=\"\" class=\"wp-image-538\" srcset=\"https:\/\/jefisa.unsa.edu.ar\/wp-content\/uploads\/2024\/09\/podes-participar-en-los-talleres.png 810w, https:\/\/jefisa.unsa.edu.ar\/wp-content\/uploads\/2024\/09\/podes-participar-en-los-talleres-300x300.png 300w, https:\/\/jefisa.unsa.edu.ar\/wp-content\/uploads\/2024\/09\/podes-participar-en-los-talleres-150x150.png 150w, https:\/\/jefisa.unsa.edu.ar\/wp-content\/uploads\/2024\/09\/podes-participar-en-los-talleres-768x768.png 768w\" sizes=\"auto, (max-width: 810px) 100vw, 810px\" \/><\/figure>\n<\/div>\n<\/div>\n\n\n\n<p class=\"has-text-align-center has-text-color has-link-color has-x-large-font-size wp-elements-5762d3027813d5a146a2276b81d1ba47\" style=\"color:#0f5685\"><strong>MESA REDONDA<\/strong><\/p>\n\n\n\n<div class=\"wp-block-columns is-layout-flex wp-container-core-columns-is-layout-28f84493 wp-block-columns-is-layout-flex\">\n<div class=\"wp-block-column is-layout-flow wp-block-column-is-layout-flow\">\n<figure class=\"wp-block-image size-full\"><img loading=\"lazy\" decoding=\"async\" width=\"810\" height=\"810\" src=\"https:\/\/jefisa.unsa.edu.ar\/wp-content\/uploads\/2024\/09\/podes-participar-en-los-talleres-3.png\" alt=\"\" class=\"wp-image-554\" srcset=\"https:\/\/jefisa.unsa.edu.ar\/wp-content\/uploads\/2024\/09\/podes-participar-en-los-talleres-3.png 810w, https:\/\/jefisa.unsa.edu.ar\/wp-content\/uploads\/2024\/09\/podes-participar-en-los-talleres-3-300x300.png 300w, https:\/\/jefisa.unsa.edu.ar\/wp-content\/uploads\/2024\/09\/podes-participar-en-los-talleres-3-150x150.png 150w, https:\/\/jefisa.unsa.edu.ar\/wp-content\/uploads\/2024\/09\/podes-participar-en-los-talleres-3-768x768.png 768w\" sizes=\"auto, (max-width: 810px) 100vw, 810px\" \/><\/figure>\n<\/div>\n\n\n\n<div class=\"wp-block-column is-layout-flow wp-block-column-is-layout-flow\">\n<figure class=\"wp-block-image size-full\"><img loading=\"lazy\" decoding=\"async\" width=\"810\" height=\"810\" src=\"https:\/\/jefisa.unsa.edu.ar\/wp-content\/uploads\/2024\/09\/podes-participar-en-los-talleres-2.png\" alt=\"\" class=\"wp-image-555\" srcset=\"https:\/\/jefisa.unsa.edu.ar\/wp-content\/uploads\/2024\/09\/podes-participar-en-los-talleres-2.png 810w, https:\/\/jefisa.unsa.edu.ar\/wp-content\/uploads\/2024\/09\/podes-participar-en-los-talleres-2-300x300.png 300w, https:\/\/jefisa.unsa.edu.ar\/wp-content\/uploads\/2024\/09\/podes-participar-en-los-talleres-2-150x150.png 150w, https:\/\/jefisa.unsa.edu.ar\/wp-content\/uploads\/2024\/09\/podes-participar-en-los-talleres-2-768x768.png 768w\" sizes=\"auto, (max-width: 810px) 100vw, 810px\" \/><\/figure>\n<\/div>\n<\/div>\n\n\n\n<p><\/p>\n\n\n\n<p class=\"has-text-align-center has-text-color has-link-color has-x-large-font-size wp-elements-c8a91f8e7ec5bab7923ca6b5fdd75e3f\" style=\"color:#0f5685\"><strong>CONFERENCIAS<\/strong><\/p>\n\n\n\n<figure class=\"wp-block-image aligncenter size-full is-resized\"><img loading=\"lazy\" decoding=\"async\" width=\"810\" height=\"810\" src=\"https:\/\/jefisa.unsa.edu.ar\/wp-content\/uploads\/2024\/09\/podes-participar-en-los-talleres-5.png\" alt=\"\" class=\"wp-image-564\" style=\"width:598px;height:auto\" srcset=\"https:\/\/jefisa.unsa.edu.ar\/wp-content\/uploads\/2024\/09\/podes-participar-en-los-talleres-5.png 810w, https:\/\/jefisa.unsa.edu.ar\/wp-content\/uploads\/2024\/09\/podes-participar-en-los-talleres-5-300x300.png 300w, https:\/\/jefisa.unsa.edu.ar\/wp-content\/uploads\/2024\/09\/podes-participar-en-los-talleres-5-150x150.png 150w, https:\/\/jefisa.unsa.edu.ar\/wp-content\/uploads\/2024\/09\/podes-participar-en-los-talleres-5-768x768.png 768w\" sizes=\"auto, (max-width: 810px) 100vw, 810px\" \/><\/figure>\n\n\n\n<div class=\"wp-block-columns is-layout-flex wp-container-core-columns-is-layout-28f84493 wp-block-columns-is-layout-flex\">\n<div class=\"wp-block-column is-layout-flow wp-block-column-is-layout-flow\">\n<figure class=\"wp-block-image aligncenter size-large\"><img loading=\"lazy\" decoding=\"async\" width=\"1024\" height=\"1024\" src=\"https:\/\/jefisa.unsa.edu.ar\/wp-content\/uploads\/2024\/08\/podes-participar-en-los-talleres-6-2-1024x1024.jpg\" alt=\"\" class=\"wp-image-483\" srcset=\"https:\/\/jefisa.unsa.edu.ar\/wp-content\/uploads\/2024\/08\/podes-participar-en-los-talleres-6-2-1024x1024.jpg 1024w, https:\/\/jefisa.unsa.edu.ar\/wp-content\/uploads\/2024\/08\/podes-participar-en-los-talleres-6-2-300x300.jpg 300w, https:\/\/jefisa.unsa.edu.ar\/wp-content\/uploads\/2024\/08\/podes-participar-en-los-talleres-6-2-150x150.jpg 150w, https:\/\/jefisa.unsa.edu.ar\/wp-content\/uploads\/2024\/08\/podes-participar-en-los-talleres-6-2-768x768.jpg 768w, https:\/\/jefisa.unsa.edu.ar\/wp-content\/uploads\/2024\/08\/podes-participar-en-los-talleres-6-2-1536x1536.jpg 1536w, https:\/\/jefisa.unsa.edu.ar\/wp-content\/uploads\/2024\/08\/podes-participar-en-los-talleres-6-2.jpg 1687w\" sizes=\"auto, (max-width: 1024px) 100vw, 1024px\" \/><\/figure>\n<\/div>\n\n\n\n<div class=\"wp-block-column is-layout-flow wp-block-column-is-layout-flow\">\n<figure class=\"wp-block-image aligncenter size-large\"><img loading=\"lazy\" decoding=\"async\" width=\"1024\" height=\"1024\" src=\"https:\/\/jefisa.unsa.edu.ar\/wp-content\/uploads\/2024\/09\/podes-participar-en-los-talleres-5-1-1024x1024.jpg\" alt=\"\" class=\"wp-image-548\" srcset=\"https:\/\/jefisa.unsa.edu.ar\/wp-content\/uploads\/2024\/09\/podes-participar-en-los-talleres-5-1-1024x1024.jpg 1024w, https:\/\/jefisa.unsa.edu.ar\/wp-content\/uploads\/2024\/09\/podes-participar-en-los-talleres-5-1-300x300.jpg 300w, https:\/\/jefisa.unsa.edu.ar\/wp-content\/uploads\/2024\/09\/podes-participar-en-los-talleres-5-1-150x150.jpg 150w, https:\/\/jefisa.unsa.edu.ar\/wp-content\/uploads\/2024\/09\/podes-participar-en-los-talleres-5-1-768x768.jpg 768w, https:\/\/jefisa.unsa.edu.ar\/wp-content\/uploads\/2024\/09\/podes-participar-en-los-talleres-5-1-1536x1536.jpg 1536w, https:\/\/jefisa.unsa.edu.ar\/wp-content\/uploads\/2024\/09\/podes-participar-en-los-talleres-5-1.jpg 1687w\" sizes=\"auto, (max-width: 1024px) 100vw, 1024px\" \/><\/figure>\n<\/div>\n<\/div>\n\n\n\n<p class=\"has-text-align-center has-text-color has-link-color has-x-large-font-size wp-elements-4120ed45ba47e2f55d206ab6551d4ccc\" style=\"color:#0f5685\"><strong>TALLERES<\/strong><\/p>\n\n\n\n<div class=\"wp-block-columns is-layout-flex wp-container-core-columns-is-layout-28f84493 wp-block-columns-is-layout-flex\">\n<div class=\"wp-block-column is-layout-flow wp-block-column-is-layout-flow\">\n<figure class=\"wp-block-image aligncenter size-large\"><img loading=\"lazy\" decoding=\"async\" width=\"1024\" height=\"1024\" src=\"https:\/\/jefisa.unsa.edu.ar\/wp-content\/uploads\/2024\/08\/podes-participar-en-los-talleres-4-1-1-1024x1024.jpg\" alt=\"\" class=\"wp-image-484\" srcset=\"https:\/\/jefisa.unsa.edu.ar\/wp-content\/uploads\/2024\/08\/podes-participar-en-los-talleres-4-1-1-1024x1024.jpg 1024w, https:\/\/jefisa.unsa.edu.ar\/wp-content\/uploads\/2024\/08\/podes-participar-en-los-talleres-4-1-1-300x300.jpg 300w, https:\/\/jefisa.unsa.edu.ar\/wp-content\/uploads\/2024\/08\/podes-participar-en-los-talleres-4-1-1-150x150.jpg 150w, https:\/\/jefisa.unsa.edu.ar\/wp-content\/uploads\/2024\/08\/podes-participar-en-los-talleres-4-1-1-768x768.jpg 768w, https:\/\/jefisa.unsa.edu.ar\/wp-content\/uploads\/2024\/08\/podes-participar-en-los-talleres-4-1-1-1536x1536.jpg 1536w, https:\/\/jefisa.unsa.edu.ar\/wp-content\/uploads\/2024\/08\/podes-participar-en-los-talleres-4-1-1.jpg 1687w\" sizes=\"auto, (max-width: 1024px) 100vw, 1024px\" \/><\/figure>\n<\/div>\n\n\n\n<div class=\"wp-block-column is-layout-flow wp-block-column-is-layout-flow\">\n<figure class=\"wp-block-image aligncenter size-large\"><img loading=\"lazy\" decoding=\"async\" width=\"1024\" height=\"1024\" src=\"https:\/\/jefisa.unsa.edu.ar\/wp-content\/uploads\/2024\/08\/podes-participar-en-los-talleres-4-2-1-1024x1024.jpg\" alt=\"\" class=\"wp-image-485\" srcset=\"https:\/\/jefisa.unsa.edu.ar\/wp-content\/uploads\/2024\/08\/podes-participar-en-los-talleres-4-2-1-1024x1024.jpg 1024w, https:\/\/jefisa.unsa.edu.ar\/wp-content\/uploads\/2024\/08\/podes-participar-en-los-talleres-4-2-1-300x300.jpg 300w, https:\/\/jefisa.unsa.edu.ar\/wp-content\/uploads\/2024\/08\/podes-participar-en-los-talleres-4-2-1-150x150.jpg 150w, https:\/\/jefisa.unsa.edu.ar\/wp-content\/uploads\/2024\/08\/podes-participar-en-los-talleres-4-2-1-768x768.jpg 768w, https:\/\/jefisa.unsa.edu.ar\/wp-content\/uploads\/2024\/08\/podes-participar-en-los-talleres-4-2-1-1536x1536.jpg 1536w, https:\/\/jefisa.unsa.edu.ar\/wp-content\/uploads\/2024\/08\/podes-participar-en-los-talleres-4-2-1.jpg 1687w\" sizes=\"auto, (max-width: 1024px) 100vw, 1024px\" \/><\/figure>\n<\/div>\n\n\n\n<div class=\"wp-block-column is-layout-flow wp-block-column-is-layout-flow\">\n<figure class=\"wp-block-image aligncenter size-large\"><img loading=\"lazy\" decoding=\"async\" width=\"1024\" height=\"1024\" src=\"https:\/\/jefisa.unsa.edu.ar\/wp-content\/uploads\/2024\/08\/podes-participar-en-los-talleres-4-3-1-1024x1024.jpg\" alt=\"\" class=\"wp-image-486\" srcset=\"https:\/\/jefisa.unsa.edu.ar\/wp-content\/uploads\/2024\/08\/podes-participar-en-los-talleres-4-3-1-1024x1024.jpg 1024w, https:\/\/jefisa.unsa.edu.ar\/wp-content\/uploads\/2024\/08\/podes-participar-en-los-talleres-4-3-1-300x300.jpg 300w, https:\/\/jefisa.unsa.edu.ar\/wp-content\/uploads\/2024\/08\/podes-participar-en-los-talleres-4-3-1-150x150.jpg 150w, https:\/\/jefisa.unsa.edu.ar\/wp-content\/uploads\/2024\/08\/podes-participar-en-los-talleres-4-3-1-768x768.jpg 768w, https:\/\/jefisa.unsa.edu.ar\/wp-content\/uploads\/2024\/08\/podes-participar-en-los-talleres-4-3-1-1536x1536.jpg 1536w, https:\/\/jefisa.unsa.edu.ar\/wp-content\/uploads\/2024\/08\/podes-participar-en-los-talleres-4-3-1.jpg 1687w\" sizes=\"auto, (max-width: 1024px) 100vw, 1024px\" \/><\/figure>\n<\/div>\n<\/div>\n\n\n\n<div class=\"wp-block-columns is-layout-flex wp-container-core-columns-is-layout-28f84493 wp-block-columns-is-layout-flex\">\n<div class=\"wp-block-column is-layout-flow wp-block-column-is-layout-flow\">\n<figure class=\"wp-block-image aligncenter size-large\"><img loading=\"lazy\" decoding=\"async\" width=\"1024\" height=\"1024\" src=\"https:\/\/jefisa.unsa.edu.ar\/wp-content\/uploads\/2024\/08\/podes-participar-en-los-talleres-4-4-1-1024x1024.jpg\" alt=\"\" class=\"wp-image-487\" srcset=\"https:\/\/jefisa.unsa.edu.ar\/wp-content\/uploads\/2024\/08\/podes-participar-en-los-talleres-4-4-1-1024x1024.jpg 1024w, https:\/\/jefisa.unsa.edu.ar\/wp-content\/uploads\/2024\/08\/podes-participar-en-los-talleres-4-4-1-300x300.jpg 300w, https:\/\/jefisa.unsa.edu.ar\/wp-content\/uploads\/2024\/08\/podes-participar-en-los-talleres-4-4-1-150x150.jpg 150w, https:\/\/jefisa.unsa.edu.ar\/wp-content\/uploads\/2024\/08\/podes-participar-en-los-talleres-4-4-1-768x768.jpg 768w, https:\/\/jefisa.unsa.edu.ar\/wp-content\/uploads\/2024\/08\/podes-participar-en-los-talleres-4-4-1-1536x1536.jpg 1536w, https:\/\/jefisa.unsa.edu.ar\/wp-content\/uploads\/2024\/08\/podes-participar-en-los-talleres-4-4-1.jpg 1687w\" sizes=\"auto, (max-width: 1024px) 100vw, 1024px\" \/><\/figure>\n<\/div>\n\n\n\n<div class=\"wp-block-column is-layout-flow wp-block-column-is-layout-flow\">\n<figure class=\"wp-block-image aligncenter size-large\"><img loading=\"lazy\" decoding=\"async\" width=\"1024\" height=\"1024\" src=\"https:\/\/jefisa.unsa.edu.ar\/wp-content\/uploads\/2024\/08\/podes-participar-en-los-talleres-4-5-1-1024x1024.jpg\" alt=\"\" class=\"wp-image-488\" srcset=\"https:\/\/jefisa.unsa.edu.ar\/wp-content\/uploads\/2024\/08\/podes-participar-en-los-talleres-4-5-1-1024x1024.jpg 1024w, https:\/\/jefisa.unsa.edu.ar\/wp-content\/uploads\/2024\/08\/podes-participar-en-los-talleres-4-5-1-300x300.jpg 300w, https:\/\/jefisa.unsa.edu.ar\/wp-content\/uploads\/2024\/08\/podes-participar-en-los-talleres-4-5-1-150x150.jpg 150w, https:\/\/jefisa.unsa.edu.ar\/wp-content\/uploads\/2024\/08\/podes-participar-en-los-talleres-4-5-1-768x768.jpg 768w, https:\/\/jefisa.unsa.edu.ar\/wp-content\/uploads\/2024\/08\/podes-participar-en-los-talleres-4-5-1-1536x1536.jpg 1536w, https:\/\/jefisa.unsa.edu.ar\/wp-content\/uploads\/2024\/08\/podes-participar-en-los-talleres-4-5-1.jpg 1687w\" sizes=\"auto, (max-width: 1024px) 100vw, 1024px\" \/><\/figure>\n<\/div>\n\n\n\n<div class=\"wp-block-column is-layout-flow wp-block-column-is-layout-flow\">\n<figure class=\"wp-block-image aligncenter size-large\"><img loading=\"lazy\" decoding=\"async\" width=\"1024\" height=\"1024\" src=\"https:\/\/jefisa.unsa.edu.ar\/wp-content\/uploads\/2024\/08\/podes-participar-en-los-talleres-4-6-2-1024x1024.jpg\" alt=\"\" class=\"wp-image-489\" srcset=\"https:\/\/jefisa.unsa.edu.ar\/wp-content\/uploads\/2024\/08\/podes-participar-en-los-talleres-4-6-2-1024x1024.jpg 1024w, https:\/\/jefisa.unsa.edu.ar\/wp-content\/uploads\/2024\/08\/podes-participar-en-los-talleres-4-6-2-300x300.jpg 300w, https:\/\/jefisa.unsa.edu.ar\/wp-content\/uploads\/2024\/08\/podes-participar-en-los-talleres-4-6-2-150x150.jpg 150w, https:\/\/jefisa.unsa.edu.ar\/wp-content\/uploads\/2024\/08\/podes-participar-en-los-talleres-4-6-2-768x768.jpg 768w, https:\/\/jefisa.unsa.edu.ar\/wp-content\/uploads\/2024\/08\/podes-participar-en-los-talleres-4-6-2-1536x1536.jpg 1536w, https:\/\/jefisa.unsa.edu.ar\/wp-content\/uploads\/2024\/08\/podes-participar-en-los-talleres-4-6-2.jpg 1687w\" sizes=\"auto, (max-width: 1024px) 100vw, 1024px\" \/><\/figure>\n<\/div>\n<\/div>\n\n\n\n<figure class=\"wp-block-image aligncenter size-full is-resized\"><img loading=\"lazy\" decoding=\"async\" width=\"1452\" height=\"204\" src=\"https:\/\/jefisa.unsa.edu.ar\/wp-content\/uploads\/2024\/09\/Captura-de-pantalla-2024-09-19-173429-2.png\" alt=\"\" class=\"wp-image-575\" style=\"width:662px;height:auto\" srcset=\"https:\/\/jefisa.unsa.edu.ar\/wp-content\/uploads\/2024\/09\/Captura-de-pantalla-2024-09-19-173429-2.png 1452w, https:\/\/jefisa.unsa.edu.ar\/wp-content\/uploads\/2024\/09\/Captura-de-pantalla-2024-09-19-173429-2-300x42.png 300w, https:\/\/jefisa.unsa.edu.ar\/wp-content\/uploads\/2024\/09\/Captura-de-pantalla-2024-09-19-173429-2-1024x144.png 1024w, https:\/\/jefisa.unsa.edu.ar\/wp-content\/uploads\/2024\/09\/Captura-de-pantalla-2024-09-19-173429-2-768x108.png 768w\" sizes=\"auto, (max-width: 1452px) 100vw, 1452px\" \/><\/figure>\n","protected":false},"excerpt":{"rendered":"<p>Cronograma de Actividades Te invitamos a explorar el cronograma detallado de la 3\u00b0 Jornada de Educaci\u00f3n en F\u00edsica. Durante los d\u00edas 19 y 20 de septiembre de 2024, participaremos en una serie de actividades que incluyen conferencias, talleres, y presentaciones de proyectos educativos innovadores. Cada m\u00f3dulo ha sido cuidadosamente dise\u00f1ado para ofrecerte herramientas pr\u00e1cticas y &hellip;<\/p>\n<p class=\"read-more\"> <a class=\"\" href=\"https:\/\/jefisa.unsa.edu.ar\/?page_id=65\"> <span class=\"screen-reader-text\">CRONOGRAMA<\/span> Leer m\u00e1s &raquo;<\/a><\/p>\n","protected":false},"author":1,"featured_media":0,"parent":0,"menu_order":0,"comment_status":"closed","ping_status":"closed","template":"","meta":{"site-sidebar-layout":"default","site-content-layout":"default","ast-global-header-display":"","ast-main-header-display":"","ast-hfb-above-header-display":"","ast-hfb-below-header-display":"","ast-hfb-mobile-header-display":"","site-post-title":"","ast-breadcrumbs-content":"","ast-featured-img":"","footer-sml-layout":"","theme-transparent-header-meta":"","adv-header-id-meta":"","stick-header-meta":"","header-above-stick-meta":"","header-main-stick-meta":"","header-below-stick-meta":"","footnotes":""},"class_list":["post-65","page","type-page","status-publish","hentry"],"_links":{"self":[{"href":"https:\/\/jefisa.unsa.edu.ar\/index.php?rest_route=\/wp\/v2\/pages\/65","targetHints":{"allow":["GET"]}}],"collection":[{"href":"https:\/\/jefisa.unsa.edu.ar\/index.php?rest_route=\/wp\/v2\/pages"}],"about":[{"href":"https:\/\/jefisa.unsa.edu.ar\/index.php?rest_route=\/wp\/v2\/types\/page"}],"author":[{"embeddable":true,"href":"https:\/\/jefisa.unsa.edu.ar\/index.php?rest_route=\/wp\/v2\/users\/1"}],"replies":[{"embeddable":true,"href":"https:\/\/jefisa.unsa.edu.ar\/index.php?rest_route=%2Fwp%2Fv2%2Fcomments&post=65"}],"version-history":[{"count":30,"href":"https:\/\/jefisa.unsa.edu.ar\/index.php?rest_route=\/wp\/v2\/pages\/65\/revisions"}],"predecessor-version":[{"id":577,"href":"https:\/\/jefisa.unsa.edu.ar\/index.php?rest_route=\/wp\/v2\/pages\/65\/revisions\/577"}],"wp:attachment":[{"href":"https:\/\/jefisa.unsa.edu.ar\/index.php?rest_route=%2Fwp%2Fv2%2Fmedia&parent=65"}],"curies":[{"name":"wp","href":"https:\/\/api.w.org\/{rel}","templated":true}]}}