{"id":528,"date":"2024-09-03T10:35:13","date_gmt":"2024-09-03T13:35:13","guid":{"rendered":"https:\/\/jefisa.unsa.edu.ar\/?page_id=528"},"modified":"2024-09-03T10:35:13","modified_gmt":"2024-09-03T13:35:13","slug":"info-salta","status":"publish","type":"page","link":"https:\/\/jefisa.unsa.edu.ar\/?page_id=528","title":{"rendered":"INFO SALTA"},"content":{"rendered":"\n<p>Bienvenidos a la ciudad de Salta, anfitriona de LA 3\u00b0 Jornada de Educaci\u00f3n en F\u00edsica. Conocida por su rica historia, cultura vibrante y paisajes impresionantes, Salta ofrece una experiencia \u00fanica para quienes la visitan. A continuaci\u00f3n, encontrar\u00e1s informaci\u00f3n \u00fatil para hacer de tu estad\u00eda una experiencia agradable y sin contratiempos.<\/p>\n\n\n\n<h4 class=\"wp-block-heading\"><strong>Hospedaje<\/strong><\/h4>\n\n\n\n<p>Salta cuenta con una amplia variedad de opciones de alojamiento que se adaptan a todos los presupuestos. Desde hoteles de renombre en el centro hist\u00f3rico hasta hostales acogedores y caba\u00f1as en los alrededores de la ciudad, aqu\u00ed encontrar\u00e1s el lugar perfecto para descansar despu\u00e9s de cada jornada del congreso. Te recomendamos verificar la disponibilidad con anticipaci\u00f3n.<\/p>\n\n\n\n<h4 class=\"wp-block-heading\"><strong>Transporte P\u00fablico<\/strong><\/h4>\n\n\n\n<p>Moverse por la ciudad es f\u00e1cil gracias a las l\u00edneas de colectivos que conectan diferentes puntos de Salta. Las l\u00edneas principales que te acercan a la sede del congreso incluyen 5A\u00a0, 6A\u00a0, 6C\u00a0,6D\u00a0, Transversal, Troncal Norte\/Sur, Troncal Sudeste, Troncal Oeste\/Norte, que te llevar\u00e1n c\u00f3modamente desde el centro hasta la Universidad Nacional de Salta (Av. Bolivia 5150). <strong>Sistema de Tarjeta Electr\u00f3nica<\/strong>: Para usar los colectivos, los pasajeros deben contar con la Tarjeta SAETA, que funciona como un medio de pago electr\u00f3nico. Esta tarjeta se recarga en puntos habilitados como kioscos, supermercados o a trav\u00e9s de medios digitales, y se utiliza para abonar el viaje al ingresar al colectivo.<\/p>\n\n\n\n<div class=\"wp-block-buttons is-content-justification-center is-layout-flex wp-container-core-buttons-is-layout-a89b3969 wp-block-buttons-is-layout-flex\">\n<div class=\"wp-block-button\"><a class=\"wp-block-button__link has-ast-global-color-0-background-color has-background has-text-align-center wp-element-button\" href=\"https:\/\/saetasalta.com.ar\/saetaw\/corredores\">COMPROBAR RUTAS DE COLECTIVOS URBANOS<\/a><\/div>\n<\/div>\n\n\n\n<h4 class=\"wp-block-heading\"><strong>Sede del Congreso<\/strong><\/h4>\n\n\n\n<p>El evento se llevar\u00e1 a cabo en la Universidad Nacional de Salta, ubicada en Av. Bolivia 5150. Este campus es uno de los m\u00e1s importantes de la regi\u00f3n y est\u00e1 rodeado de \u00e1reas verdes que te invitar\u00e1n a disfrutar del entorno acad\u00e9mico y natural. No olvides <a href=\"https:\/\/jefisa.unsa.edu.ar\/?page_id=65\">consultar el cronograma<\/a> del congreso para conocer las actividades y ponencias en las diferentes salas y auditorios de la universidad.<\/p>\n\n\n\n<div class=\"wp-block-columns is-layout-flex wp-container-core-columns-is-layout-28f84493 wp-block-columns-is-layout-flex\">\n<div class=\"wp-block-column is-layout-flow wp-block-column-is-layout-flow\">\n<iframe loading=\"lazy\" src=\"https:\/\/www.google.com\/maps\/d\/embed?mid=1SxPZpmeVxXK4f5ualmxVvF0FwPxdcxo&#038;ehbc=2E312F\" width=\"640\" height=\"480\"><\/iframe>\n<\/div>\n\n\n\n<div class=\"wp-block-column is-layout-flow wp-block-column-is-layout-flow\">\n<p class=\"has-text-align-center has-luminous-vivid-orange-color has-text-color has-link-color has-medium-font-size wp-elements-eda393eaf79f2371b64df3bb0feb243c\"><a href=\"https:\/\/www.adpgremio.com\/oficial\/hotel-residencial\" data-type=\"link\" data-id=\"https:\/\/www.adpgremio.com\/oficial\/hotel-residencial\"><strong>RESIDENCIA ADP<\/strong><\/a><\/p>\n<\/div>\n<\/div>\n","protected":false},"excerpt":{"rendered":"<p>Bienvenidos a la ciudad de Salta, anfitriona de LA 3\u00b0 Jornada de Educaci\u00f3n en F\u00edsica. Conocida por su rica historia, cultura vibrante y paisajes impresionantes, Salta ofrece una experiencia \u00fanica para quienes la visitan. A continuaci\u00f3n, encontrar\u00e1s informaci\u00f3n \u00fatil para hacer de tu estad\u00eda una experiencia agradable y sin contratiempos. Hospedaje Salta cuenta con una &hellip;<\/p>\n<p class=\"read-more\"> <a class=\"\" href=\"https:\/\/jefisa.unsa.edu.ar\/?page_id=528\"> <span class=\"screen-reader-text\">INFO SALTA<\/span> Leer m\u00e1s &raquo;<\/a><\/p>\n","protected":false},"author":1,"featured_media":0,"parent":0,"menu_order":0,"comment_status":"closed","ping_status":"closed","template":"","meta":{"site-sidebar-layout":"default","site-content-layout":"default","ast-global-header-display":"","ast-main-header-display":"","ast-hfb-above-header-display":"","ast-hfb-below-header-display":"","ast-hfb-mobile-header-display":"","site-post-title":"","ast-breadcrumbs-content":"","ast-featured-img":"","footer-sml-layout":"","theme-transparent-header-meta":"","adv-header-id-meta":"","stick-header-meta":"","header-above-stick-meta":"","header-main-stick-meta":"","header-below-stick-meta":"","footnotes":""},"class_list":["post-528","page","type-page","status-publish","hentry"],"_links":{"self":[{"href":"https:\/\/jefisa.unsa.edu.ar\/index.php?rest_route=\/wp\/v2\/pages\/528","targetHints":{"allow":["GET"]}}],"collection":[{"href":"https:\/\/jefisa.unsa.edu.ar\/index.php?rest_route=\/wp\/v2\/pages"}],"about":[{"href":"https:\/\/jefisa.unsa.edu.ar\/index.php?rest_route=\/wp\/v2\/types\/page"}],"author":[{"embeddable":true,"href":"https:\/\/jefisa.unsa.edu.ar\/index.php?rest_route=\/wp\/v2\/users\/1"}],"replies":[{"embeddable":true,"href":"https:\/\/jefisa.unsa.edu.ar\/index.php?rest_route=%2Fwp%2Fv2%2Fcomments&post=528"}],"version-history":[{"count":1,"href":"https:\/\/jefisa.unsa.edu.ar\/index.php?rest_route=\/wp\/v2\/pages\/528\/revisions"}],"predecessor-version":[{"id":529,"href":"https:\/\/jefisa.unsa.edu.ar\/index.php?rest_route=\/wp\/v2\/pages\/528\/revisions\/529"}],"wp:attachment":[{"href":"https:\/\/jefisa.unsa.edu.ar\/index.php?rest_route=%2Fwp%2Fv2%2Fmedia&parent=528"}],"curies":[{"name":"wp","href":"https:\/\/api.w.org\/{rel}","templated":true}]}}