{"id":466,"date":"2024-08-16T12:11:23","date_gmt":"2024-08-16T15:11:23","guid":{"rendered":"https:\/\/jefisa.unsa.edu.ar\/?page_id=466"},"modified":"2024-09-19T17:36:28","modified_gmt":"2024-09-19T20:36:28","slug":"circulares","status":"publish","type":"page","link":"https:\/\/jefisa.unsa.edu.ar\/?page_id=466","title":{"rendered":"CIRCULARES"},"content":{"rendered":"\n<p class=\"has-medium-font-size\">En esta secci\u00f3n encontrar\u00e1s todas las circulares oficiales de la 3\u00b0 Jornada de Educaci\u00f3n en F\u00edsica. Las circulares contienen informaci\u00f3n relevante sobre el evento, incluyendo fechas importantes, lineamientos para las presentaciones, detalles log\u00edsticos, y cualquier actualizaci\u00f3n que necesites conocer.<\/p>\n\n\n\n<p class=\"has-text-align-center has-ast-global-color-0-color has-text-color has-link-color has-medium-font-size wp-elements-bb6d8d9dacc163073a8f9ca0f80c9787\"><strong>Pr\u00f3rroga de env\u00edo de resumen y dispositivos educativos hasta el 13 de Septiembre 2024<\/strong><\/p>\n\n\n\n<div class=\"wp-block-media-text is-stacked-on-mobile\"><figure class=\"wp-block-media-text__media\"><img loading=\"lazy\" decoding=\"async\" width=\"810\" height=\"810\" src=\"https:\/\/jefisa.unsa.edu.ar\/wp-content\/uploads\/2024\/08\/podes-participar-en-los-talleres-3.png\" alt=\"\" class=\"wp-image-493 size-full\" srcset=\"https:\/\/jefisa.unsa.edu.ar\/wp-content\/uploads\/2024\/08\/podes-participar-en-los-talleres-3.png 810w, https:\/\/jefisa.unsa.edu.ar\/wp-content\/uploads\/2024\/08\/podes-participar-en-los-talleres-3-300x300.png 300w, https:\/\/jefisa.unsa.edu.ar\/wp-content\/uploads\/2024\/08\/podes-participar-en-los-talleres-3-150x150.png 150w, https:\/\/jefisa.unsa.edu.ar\/wp-content\/uploads\/2024\/08\/podes-participar-en-los-talleres-3-768x768.png 768w\" sizes=\"auto, (max-width: 810px) 100vw, 810px\" \/><\/figure><div class=\"wp-block-media-text__content\">\n<p class=\"has-medium-font-size\"><strong>Segunda Circular: Inscripci\u00f3n y Talleres<\/strong><\/p>\n\n\n\n<p><strong>Inscripci\u00f3n:<\/strong><br>La inscripci\u00f3n para participar del evento se llevar\u00e1 a cabo mediante un formulario disponible y tendr\u00e1 los siguientes valores:<\/p>\n\n\n\n<ul class=\"wp-block-list\">\n<li>Estudiantes de los profesorados de f\u00edsica asociados a APFA: Sin cargo.<\/li>\n\n\n\n<li>Estudiantes no socios: $9.000.<\/li>\n\n\n\n<li>Docentes\/otros: $12.000 (hasta el 31 de agosto).<\/li>\n\n\n\n<li>Docentes\/otros: $15.000 (desde el 1 de septiembre).<\/li>\n<\/ul>\n\n\n\n<p><strong>Forma de Pago:<\/strong><br>El pago debe realizarse exclusivamente mediante transferencia bancaria a la cuenta de la Asociaci\u00f3n de Profesores de F\u00edsica de la Argentina.<\/p>\n\n\n\n<p><strong>Taller: Herramientas y Recursos para la Ense\u00f1anza de la F\u00edsica<\/strong><br>Este taller, con modalidad h\u00edbrida de 20 horas de duraci\u00f3n, est\u00e1 compuesto por dos m\u00f3dulos de 10 horas cada uno. Los participantes podr\u00e1n elegir dos de los seis m\u00f3dulos disponibles, que se desarrollar\u00e1n de manera asincr\u00f3nica y presencial.<\/p>\n\n\n\n<div class=\"wp-block-buttons is-content-justification-center is-layout-flex wp-container-core-buttons-is-layout-a89b3969 wp-block-buttons-is-layout-flex\">\n<div class=\"wp-block-button has-custom-width wp-block-button__width-75\"><a class=\"wp-block-button__link has-background wp-element-button\" href=\"http:\/\/jefisa.unsa.edu.ar\/wp-content\/uploads\/2024\/08\/JEFISA-III_-2024_-Segunda-Circular.pdf\" style=\"background-color:#30c942\">DESCARGAR CIRCULAR<\/a><\/div>\n<\/div>\n<\/div><\/div>\n\n\n\n<div style=\"height:100px\" aria-hidden=\"true\" class=\"wp-block-spacer\"><\/div>\n\n\n\n<div class=\"wp-block-media-text has-media-on-the-right is-stacked-on-mobile\"><div class=\"wp-block-media-text__content\">\n<p class=\"has-medium-font-size\"><strong>Primera Circular: Jornada de Ense\u00f1anza de la F\u00edsica <\/strong><\/p>\n\n\n\n<p class=\"has-small-font-size\"><br>La Jornada de Ense\u00f1anza de la F\u00edsica (JEFiSa III) se llevar\u00e1 a cabo en la Ciudad de Salta los d\u00edas 19 y 20 de septiembre de 2024, en la Universidad Nacional de Salta. Organizada por la Asociaci\u00f3n de Profesores de F\u00edsica de la Argentina (APFA), Secretar\u00eda Provincial de Salta, desde 2016, este evento promueve un espacio de encuentro, reflexi\u00f3n, debate y formaci\u00f3n entre docentes de f\u00edsica y estudiantes de profesorado en f\u00edsica en la Provincia de Salta.<\/p>\n\n\n\n<p><strong>Modalidad y Actividades:<\/strong><br>El evento ser\u00e1 presencial, con conferencias, exposici\u00f3n de experiencias docentes, talleres, mesas redondas y presentaci\u00f3n de dispositivos y equipos did\u00e1cticos para la pr\u00e1ctica experimental.<\/p>\n\n\n\n<p><strong>C\u00f3mo Participar:<\/strong><br>Puedes participar como autor\/a de un resumen sobre investigaciones, experiencias \u00e1ulicas o reflexiones en torno a la ense\u00f1anza de la f\u00edsica; como expositor\/a de dispositivos y equipos did\u00e1cticos; o como asistente al evento.<\/p>\n\n\n\n<div class=\"wp-block-buttons is-content-justification-center is-layout-flex wp-container-core-buttons-is-layout-a89b3969 wp-block-buttons-is-layout-flex\">\n<div class=\"wp-block-button has-custom-width wp-block-button__width-75\"><a class=\"wp-block-button__link has-background wp-element-button\" href=\"http:\/\/jefisa.unsa.edu.ar\/wp-content\/uploads\/2024\/07\/JEFiSa-III-2024-Circular-1-_I_III.pdf\" style=\"background-color:#0d507d\">DESCARGAR CIRCULAR<\/a><\/div>\n<\/div>\n<\/div><figure class=\"wp-block-media-text__media\"><img loading=\"lazy\" decoding=\"async\" width=\"810\" height=\"810\" src=\"https:\/\/jefisa.unsa.edu.ar\/wp-content\/uploads\/2024\/08\/podes-participar-en-los-talleres-4.png\" alt=\"\" class=\"wp-image-495 size-full\" srcset=\"https:\/\/jefisa.unsa.edu.ar\/wp-content\/uploads\/2024\/08\/podes-participar-en-los-talleres-4.png 810w, https:\/\/jefisa.unsa.edu.ar\/wp-content\/uploads\/2024\/08\/podes-participar-en-los-talleres-4-300x300.png 300w, https:\/\/jefisa.unsa.edu.ar\/wp-content\/uploads\/2024\/08\/podes-participar-en-los-talleres-4-150x150.png 150w, https:\/\/jefisa.unsa.edu.ar\/wp-content\/uploads\/2024\/08\/podes-participar-en-los-talleres-4-768x768.png 768w\" sizes=\"auto, (max-width: 810px) 100vw, 810px\" \/><\/figure><\/div>\n\n\n\n<div style=\"height:100px\" aria-hidden=\"true\" class=\"wp-block-spacer\"><\/div>\n\n\n\n<figure class=\"wp-block-image aligncenter size-full is-resized\"><img loading=\"lazy\" decoding=\"async\" width=\"1452\" height=\"204\" src=\"https:\/\/jefisa.unsa.edu.ar\/wp-content\/uploads\/2024\/09\/Captura-de-pantalla-2024-09-19-173429-1.png\" alt=\"\" class=\"wp-image-573\" style=\"width:604px;height:auto\" srcset=\"https:\/\/jefisa.unsa.edu.ar\/wp-content\/uploads\/2024\/09\/Captura-de-pantalla-2024-09-19-173429-1.png 1452w, https:\/\/jefisa.unsa.edu.ar\/wp-content\/uploads\/2024\/09\/Captura-de-pantalla-2024-09-19-173429-1-300x42.png 300w, https:\/\/jefisa.unsa.edu.ar\/wp-content\/uploads\/2024\/09\/Captura-de-pantalla-2024-09-19-173429-1-1024x144.png 1024w, https:\/\/jefisa.unsa.edu.ar\/wp-content\/uploads\/2024\/09\/Captura-de-pantalla-2024-09-19-173429-1-768x108.png 768w\" sizes=\"auto, (max-width: 1452px) 100vw, 1452px\" \/><\/figure>\n","protected":false},"excerpt":{"rendered":"<p>En esta secci\u00f3n encontrar\u00e1s todas las circulares oficiales de la 3\u00b0 Jornada de Educaci\u00f3n en F\u00edsica. Las circulares contienen informaci\u00f3n relevante sobre el evento, incluyendo fechas importantes, lineamientos para las presentaciones, detalles log\u00edsticos, y cualquier actualizaci\u00f3n que necesites conocer. Pr\u00f3rroga de env\u00edo de resumen y dispositivos educativos hasta el 13 de Septiembre 2024<\/p>\n","protected":false},"author":1,"featured_media":0,"parent":0,"menu_order":0,"comment_status":"closed","ping_status":"closed","template":"","meta":{"site-sidebar-layout":"default","site-content-layout":"default","ast-global-header-display":"","ast-main-header-display":"","ast-hfb-above-header-display":"","ast-hfb-below-header-display":"","ast-hfb-mobile-header-display":"","site-post-title":"","ast-breadcrumbs-content":"","ast-featured-img":"","footer-sml-layout":"","theme-transparent-header-meta":"","adv-header-id-meta":"","stick-header-meta":"","header-above-stick-meta":"","header-main-stick-meta":"","header-below-stick-meta":"","footnotes":""},"class_list":["post-466","page","type-page","status-publish","hentry"],"_links":{"self":[{"href":"https:\/\/jefisa.unsa.edu.ar\/index.php?rest_route=\/wp\/v2\/pages\/466","targetHints":{"allow":["GET"]}}],"collection":[{"href":"https:\/\/jefisa.unsa.edu.ar\/index.php?rest_route=\/wp\/v2\/pages"}],"about":[{"href":"https:\/\/jefisa.unsa.edu.ar\/index.php?rest_route=\/wp\/v2\/types\/page"}],"author":[{"embeddable":true,"href":"https:\/\/jefisa.unsa.edu.ar\/index.php?rest_route=\/wp\/v2\/users\/1"}],"replies":[{"embeddable":true,"href":"https:\/\/jefisa.unsa.edu.ar\/index.php?rest_route=%2Fwp%2Fv2%2Fcomments&post=466"}],"version-history":[{"count":7,"href":"https:\/\/jefisa.unsa.edu.ar\/index.php?rest_route=\/wp\/v2\/pages\/466\/revisions"}],"predecessor-version":[{"id":574,"href":"https:\/\/jefisa.unsa.edu.ar\/index.php?rest_route=\/wp\/v2\/pages\/466\/revisions\/574"}],"wp:attachment":[{"href":"https:\/\/jefisa.unsa.edu.ar\/index.php?rest_route=%2Fwp%2Fv2%2Fmedia&parent=466"}],"curies":[{"name":"wp","href":"https:\/\/api.w.org\/{rel}","templated":true}]}}